{"id":284,"date":"2022-10-28T18:33:24","date_gmt":"2022-10-28T18:33:24","guid":{"rendered":"http:\/\/iletaitunefoisuneecole.com\/?page_id=284"},"modified":"2022-10-28T22:50:41","modified_gmt":"2022-10-28T22:50:41","slug":"i-e-p-n71001-almirante-miguel-grau-puno-peru","status":"publish","type":"page","link":"http:\/\/iletaitunefoisuneecole.com\/index.php\/blog\/peru\/il-etait-une-fois-une-ecole-p\/i-e-p-n71001-almirante-miguel-grau-puno-peru\/","title":{"rendered":"A superb academic, culinary and human experience with a class of sexto grado in a primary school in Puno"},"content":{"rendered":"\n<pre class=\"wp-block-verse\" style=\"font-size:19px;font-style:normal;font-weight:400\"><a href=\"http:\/\/iletaitunefoisuneecole.com\/index.php\/2022\/10\/28\/a-superb-academic-culinary-and-human-experience-with-a-class-of-sexto-grado-in-a-primary-school-in-puno\/\" title=\"A superb academic, culinary and human experience with a class of sexto grado in a primary school in Puno\">English | A superb academic, culinary and human experience with a class of sexto grado in a primary school in Puno<\/a><\/pre>\n\n\n\n<pre class=\"wp-block-verse\" style=\"font-size:19px;font-style:normal;font-weight:400\"><a href=\"http:\/\/iletaitunefoisuneecole.com\/index.php\/2022\/10\/28\/une-superbe-experience-scolaire-culinaire-et-humaine-avec-une-classe-de-sexto-grado-dans-une-ecole-primaire-a-puno\/\" title=\"Une superbe exp\u00e9rience scolaire, culinaire et humaine avec une classe de sexto grado dans une \u00e9cole primaire \u00e0 Puno\">Francais | Une superbe exp\u00e9rience scolaire, culinaire et humaine avec une classe de sexto grado dans une \u00e9cole primaire \u00e0 Puno<\/a><\/pre>\n\n\n\n<pre class=\"wp-block-verse\" style=\"font-size:19px\"><a href=\"http:\/\/iletaitunefoisuneecole.com\/index.php\/2022\/10\/28\/una-inmejorable-experiencia-academica-culinaria-y-humana-con-una-clase-de-sexto-grado-en-una-escuela-primaria-de-puno\/\" title=\"Una inmejorable experiencia acad\u00e9mica, culinaria y humana con una clase de sexto grado en una escuela primaria de Puno\">Espa\u00f1ol | Una inmejorable experiencia acad\u00e9mica, culinaria y humana con una clase de sexto grado en una escuela primaria de Puno<\/a><\/pre>\n","protected":false},"excerpt":{"rendered":"<p>English | A superb academic, culinary and human experience with a class of sexto grado&#8230;<\/p>\n<div class=\"more-link-wrapper\"><a class=\"more-link\" href=\"http:\/\/iletaitunefoisuneecole.com\/index.php\/blog\/peru\/il-etait-une-fois-une-ecole-p\/i-e-p-n71001-almirante-miguel-grau-puno-peru\/\">Read the post<span class=\"screen-reader-text\">A superb academic, culinary and human experience with a class of sexto grado in a primary school in Puno<\/span><\/a><\/div>\n","protected":false},"author":1,"featured_media":0,"parent":92,"menu_order":0,"comment_status":"closed","ping_status":"closed","template":"","meta":{"om_disable_all_campaigns":false,"_monsterinsights_skip_tracking":false,"_monsterinsights_sitenote_active":false,"_monsterinsights_sitenote_note":"","_monsterinsights_sitenote_category":0,"_themeisle_gutenberg_block_has_review":false,"footnotes":""},"aioseo_notices":[],"_links":{"self":[{"href":"http:\/\/iletaitunefoisuneecole.com\/index.php\/wp-json\/wp\/v2\/pages\/284"}],"collection":[{"href":"http:\/\/iletaitunefoisuneecole.com\/index.php\/wp-json\/wp\/v2\/pages"}],"about":[{"href":"http:\/\/iletaitunefoisuneecole.com\/index.php\/wp-json\/wp\/v2\/types\/page"}],"author":[{"embeddable":true,"href":"http:\/\/iletaitunefoisuneecole.com\/index.php\/wp-json\/wp\/v2\/users\/1"}],"replies":[{"embeddable":true,"href":"http:\/\/iletaitunefoisuneecole.com\/index.php\/wp-json\/wp\/v2\/comments?post=284"}],"version-history":[{"count":12,"href":"http:\/\/iletaitunefoisuneecole.com\/index.php\/wp-json\/wp\/v2\/pages\/284\/revisions"}],"predecessor-version":[{"id":437,"href":"http:\/\/iletaitunefoisuneecole.com\/index.php\/wp-json\/wp\/v2\/pages\/284\/revisions\/437"}],"up":[{"embeddable":true,"href":"http:\/\/iletaitunefoisuneecole.com\/index.php\/wp-json\/wp\/v2\/pages\/92"}],"wp:attachment":[{"href":"http:\/\/iletaitunefoisuneecole.com\/index.php\/wp-json\/wp\/v2\/media?parent=284"}],"curies":[{"name":"wp","href":"https:\/\/api.w.org\/{rel}","templated":true}]}}