{"id":557,"date":"2022-11-08T17:30:53","date_gmt":"2022-11-08T17:30:53","guid":{"rendered":"http:\/\/iletaitunefoisuneecole.com\/?page_id=557"},"modified":"2022-11-09T18:11:19","modified_gmt":"2022-11-09T18:11:19","slug":"a-peruvian-school-perched-in-the-waters-of-lake-titicaca-2","status":"publish","type":"page","link":"http:\/\/iletaitunefoisuneecole.com\/index.php\/blog\/peru\/il-etait-une-fois-une-ecole-p\/a-peruvian-school-perched-in-the-waters-of-lake-titicaca-2\/","title":{"rendered":"A Peruvian school perched in the waters of Lake Titicaca"},"content":{"rendered":"\n<pre class=\"wp-block-verse\" style=\"font-size:19px\"><a href=\"http:\/\/iletaitunefoisuneecole.com\/index.php\/2022\/11\/08\/a-peruvian-school-perched-in-the-waters-of-lake-titicaca\/\" title=\"A Peruvian school perched in the waters of Lake Titicaca\">English |&nbsp;A Peruvian school perched in the waters of Lake Titicaca<\/a><\/pre>\n\n\n\n<pre class=\"wp-block-verse\" style=\"font-size:19px\"><a href=\"http:\/\/iletaitunefoisuneecole.com\/index.php\/2022\/11\/08\/una-escuela-peruana-encaramada-en-las-aguas-del-lago-titicaca\/\" title=\"Una escuela peruana encaramada en las aguas del lago Titicaca\">Espa\u00f1ol | Una escuela peruana encaramada en las aguas del lago Titicaca<\/a><\/pre>\n\n\n\n<pre class=\"wp-block-verse\" style=\"font-size:19px\"><a href=\"http:\/\/iletaitunefoisuneecole.com\/index.php\/2022\/11\/08\/une-ecole-peruvienne-perchee-dans-les-eaux-du-lac-titicaca-2\/\" title=\"Une \u00e9cole p\u00e9ruvienne perch\u00e9e dans les eaux du lac Titicaca\">Fran\u00e7ais | Une \u00e9cole p\u00e9ruvienne perch\u00e9e dans les eaux du lac Titicaca<\/a><\/pre>\n","protected":false},"excerpt":{"rendered":"<p>English |&nbsp;A Peruvian school perched in the waters of Lake Titicaca Espa\u00f1ol | Una escuela&#8230;<\/p>\n<div class=\"more-link-wrapper\"><a class=\"more-link\" href=\"http:\/\/iletaitunefoisuneecole.com\/index.php\/blog\/peru\/il-etait-une-fois-une-ecole-p\/a-peruvian-school-perched-in-the-waters-of-lake-titicaca-2\/\">Read the post<span class=\"screen-reader-text\">A Peruvian school perched in the waters of Lake Titicaca<\/span><\/a><\/div>\n","protected":false},"author":1,"featured_media":0,"parent":92,"menu_order":0,"comment_status":"closed","ping_status":"closed","template":"","meta":{"om_disable_all_campaigns":false,"_monsterinsights_skip_tracking":false,"_monsterinsights_sitenote_active":false,"_monsterinsights_sitenote_note":"","_monsterinsights_sitenote_category":0,"_themeisle_gutenberg_block_has_review":false,"footnotes":""},"aioseo_notices":[],"_links":{"self":[{"href":"http:\/\/iletaitunefoisuneecole.com\/index.php\/wp-json\/wp\/v2\/pages\/557"}],"collection":[{"href":"http:\/\/iletaitunefoisuneecole.com\/index.php\/wp-json\/wp\/v2\/pages"}],"about":[{"href":"http:\/\/iletaitunefoisuneecole.com\/index.php\/wp-json\/wp\/v2\/types\/page"}],"author":[{"embeddable":true,"href":"http:\/\/iletaitunefoisuneecole.com\/index.php\/wp-json\/wp\/v2\/users\/1"}],"replies":[{"embeddable":true,"href":"http:\/\/iletaitunefoisuneecole.com\/index.php\/wp-json\/wp\/v2\/comments?post=557"}],"version-history":[{"count":4,"href":"http:\/\/iletaitunefoisuneecole.com\/index.php\/wp-json\/wp\/v2\/pages\/557\/revisions"}],"predecessor-version":[{"id":604,"href":"http:\/\/iletaitunefoisuneecole.com\/index.php\/wp-json\/wp\/v2\/pages\/557\/revisions\/604"}],"up":[{"embeddable":true,"href":"http:\/\/iletaitunefoisuneecole.com\/index.php\/wp-json\/wp\/v2\/pages\/92"}],"wp:attachment":[{"href":"http:\/\/iletaitunefoisuneecole.com\/index.php\/wp-json\/wp\/v2\/media?parent=557"}],"curies":[{"name":"wp","href":"https:\/\/api.w.org\/{rel}","templated":true}]}}