{"id":599,"date":"2022-11-09T18:07:29","date_gmt":"2022-11-09T18:07:29","guid":{"rendered":"http:\/\/iletaitunefoisuneecole.com\/?page_id=599"},"modified":"2022-11-09T18:12:47","modified_gmt":"2022-11-09T18:12:47","slug":"an-access-to-multiple-educational-resources-in-the-heart-of-sucre2","status":"publish","type":"page","link":"http:\/\/iletaitunefoisuneecole.com\/index.php\/blog\/bolivia\/il-etait-une-fois-une-ecole-b\/an-access-to-multiple-educational-resources-in-the-heart-of-sucre2\/","title":{"rendered":"An access to multiple educational resources in the heart of Sucre"},"content":{"rendered":"\n<pre class=\"wp-block-verse\" style=\"font-size:19px\"><a href=\"http:\/\/iletaitunefoisuneecole.com\/index.php\/2022\/11\/09\/an-access-to-multiple-educational-resources-in-the-heart-of-sucre\/\" title=\"An access to multiple educational resources in the heart of Sucre\">English |&nbsp;An access to multiple educational resources in the heart of Sucre<\/a><\/pre>\n\n\n\n<pre class=\"wp-block-verse\" style=\"font-size:19px\"><a href=\"http:\/\/iletaitunefoisuneecole.com\/index.php\/2022\/11\/09\/un-acceso-a-multiples-recursos-educativos-en-el-corazon-de-sucre\/\" title=\"Un acceso a m\u00faltiples recursos educativos en el coraz\u00f3n de Sucre\">Espa\u00f1ol |&nbsp;Un acceso a m\u00faltiples recursos educativos en el coraz\u00f3n de Sucre<\/a><\/pre>\n\n\n\n<pre class=\"wp-block-verse\" style=\"font-size:19px\"><a href=\"http:\/\/iletaitunefoisuneecole.com\/index.php\/2022\/11\/09\/un-acces-a-des-ressources-pedagogiques-multiples-en-plein-sucre\/\" title=\"Un acc\u00e8s \u00e0 des ressources p\u00e9dagogiques multiples en plein Sucre\">Fran\u00e7ais |&nbsp;Un acc\u00e8s \u00e0 des ressources p\u00e9dagogiques multiples en plein Sucre<\/a><\/pre>\n","protected":false},"excerpt":{"rendered":"<p>English |&nbsp;An access to multiple educational resources in the heart of Sucre Espa\u00f1ol |&nbsp;Un acceso&#8230;<\/p>\n<div class=\"more-link-wrapper\"><a class=\"more-link\" href=\"http:\/\/iletaitunefoisuneecole.com\/index.php\/blog\/bolivia\/il-etait-une-fois-une-ecole-b\/an-access-to-multiple-educational-resources-in-the-heart-of-sucre2\/\">Read the post<span class=\"screen-reader-text\">An access to multiple educational resources in the heart of Sucre<\/span><\/a><\/div>\n","protected":false},"author":1,"featured_media":0,"parent":94,"menu_order":0,"comment_status":"closed","ping_status":"closed","template":"","meta":{"om_disable_all_campaigns":false,"_monsterinsights_skip_tracking":false,"_monsterinsights_sitenote_active":false,"_monsterinsights_sitenote_note":"","_monsterinsights_sitenote_category":0,"_themeisle_gutenberg_block_has_review":false,"footnotes":""},"aioseo_notices":[],"_links":{"self":[{"href":"http:\/\/iletaitunefoisuneecole.com\/index.php\/wp-json\/wp\/v2\/pages\/599"}],"collection":[{"href":"http:\/\/iletaitunefoisuneecole.com\/index.php\/wp-json\/wp\/v2\/pages"}],"about":[{"href":"http:\/\/iletaitunefoisuneecole.com\/index.php\/wp-json\/wp\/v2\/types\/page"}],"author":[{"embeddable":true,"href":"http:\/\/iletaitunefoisuneecole.com\/index.php\/wp-json\/wp\/v2\/users\/1"}],"replies":[{"embeddable":true,"href":"http:\/\/iletaitunefoisuneecole.com\/index.php\/wp-json\/wp\/v2\/comments?post=599"}],"version-history":[{"count":4,"href":"http:\/\/iletaitunefoisuneecole.com\/index.php\/wp-json\/wp\/v2\/pages\/599\/revisions"}],"predecessor-version":[{"id":605,"href":"http:\/\/iletaitunefoisuneecole.com\/index.php\/wp-json\/wp\/v2\/pages\/599\/revisions\/605"}],"up":[{"embeddable":true,"href":"http:\/\/iletaitunefoisuneecole.com\/index.php\/wp-json\/wp\/v2\/pages\/94"}],"wp:attachment":[{"href":"http:\/\/iletaitunefoisuneecole.com\/index.php\/wp-json\/wp\/v2\/media?parent=599"}],"curies":[{"name":"wp","href":"https:\/\/api.w.org\/{rel}","templated":true}]}}